{"id":57,"date":"2020-04-24T17:50:31","date_gmt":"2020-04-24T15:50:31","guid":{"rendered":"http:\/\/foodyscorner.be\/index.php\/one-page-express\/"},"modified":"2024-11-27T22:20:06","modified_gmt":"2024-11-27T21:20:06","slug":"one-page-express","status":"publish","type":"page","link":"https:\/\/foodyscorner.be\/","title":{"rendered":"Front Page"},"content":{"rendered":"\t\t<div data-elementor-type=\"wp-page\" data-elementor-id=\"57\" class=\"elementor elementor-57\" data-elementor-post-type=\"page\">\n\t\t\t\t\t\t<section class=\"elementor-section elementor-top-section elementor-element elementor-element-b558f59 elementor-section-boxed elementor-section-height-default elementor-section-height-default\" data-id=\"b558f59\" data-element_type=\"section\">\n\t\t\t\t\t\t<div class=\"elementor-container elementor-column-gap-default\">\n\t\t\t\t\t<div class=\"elementor-column elementor-col-100 elementor-top-column elementor-element elementor-element-30c7c65\" data-id=\"30c7c65\" data-element_type=\"column\">\n\t\t\t<div class=\"elementor-widget-wrap elementor-element-populated\">\n\t\t\t\t\t\t<div class=\"elementor-element elementor-element-81daa52 elementor-widget elementor-widget-image\" data-id=\"81daa52\" data-element_type=\"widget\" data-widget_type=\"image.default\">\n\t\t\t\t<div class=\"elementor-widget-container\">\n\t\t\t\t\t\t\t\t\t\t\t\t\t<img fetchpriority=\"high\" decoding=\"async\" width=\"768\" height=\"1024\" src=\"https:\/\/foodyscorner.be\/wp-content\/uploads\/2024\/11\/23c47b96-af5c-4892-8e1c-46f02dea0f37.jpeg\" class=\"attachment-large size-large wp-image-370\" alt=\"\" srcset=\"https:\/\/foodyscorner.be\/wp-content\/uploads\/2024\/11\/23c47b96-af5c-4892-8e1c-46f02dea0f37.jpeg 768w, https:\/\/foodyscorner.be\/wp-content\/uploads\/2024\/11\/23c47b96-af5c-4892-8e1c-46f02dea0f37-225x300.jpeg 225w, https:\/\/foodyscorner.be\/wp-content\/uploads\/2024\/11\/23c47b96-af5c-4892-8e1c-46f02dea0f37-600x800.jpeg 600w\" sizes=\"(max-width: 768px) 100vw, 768px\" \/>\t\t\t\t\t\t\t\t\t\t\t\t\t<\/div>\n\t\t\t\t<\/div>\n\t\t\t\t\t<\/div>\n\t\t<\/div>\n\t\t\t\t\t<\/div>\n\t\t<\/section>\n\t\t\t\t<section class=\"elementor-section elementor-top-section elementor-element elementor-element-df462db elementor-section-content-middle elementor-section-boxed elementor-section-height-default elementor-section-height-default\" data-id=\"df462db\" data-element_type=\"section\">\n\t\t\t\t\t\t<div class=\"elementor-container elementor-column-gap-default\">\n\t\t\t\t\t<div class=\"elementor-column elementor-col-100 elementor-top-column elementor-element elementor-element-9f21e3e\" data-id=\"9f21e3e\" data-element_type=\"column\">\n\t\t\t<div class=\"elementor-widget-wrap elementor-element-populated\">\n\t\t\t\t\t\t<div class=\"elementor-element elementor-element-0043ac0 elementor-align-justify elementor-widget__width-initial elementor-widget elementor-widget-button\" data-id=\"0043ac0\" data-element_type=\"widget\" data-widget_type=\"button.default\">\n\t\t\t\t<div class=\"elementor-widget-container\">\n\t\t\t\t\t\t\t<div class=\"elementor-button-wrapper\">\n\t\t\t\t\t<a class=\"elementor-button elementor-button-link elementor-size-sm\" href=\"http:\/\/foodyscorner.be\/index.php\/reserver\/\" id=\"R\u00e9server\">\n\t\t\t\t\t\t<span class=\"elementor-button-content-wrapper\">\n\t\t\t\t\t\t\t\t\t<span class=\"elementor-button-text\">R\u00e9server<\/span>\n\t\t\t\t\t<\/span>\n\t\t\t\t\t<\/a>\n\t\t\t\t<\/div>\n\t\t\t\t\t\t<\/div>\n\t\t\t\t<\/div>\n\t\t\t\t\t<\/div>\n\t\t<\/div>\n\t\t\t\t\t<\/div>\n\t\t<\/section>\n\t\t\t\t<section class=\"elementor-section elementor-top-section elementor-element elementor-element-846d2d0 elementor-section-boxed elementor-section-height-default elementor-section-height-default\" data-id=\"846d2d0\" data-element_type=\"section\">\n\t\t\t\t\t\t<div class=\"elementor-container elementor-column-gap-default\">\n\t\t\t\t\t<div class=\"elementor-column elementor-col-100 elementor-top-column elementor-element elementor-element-32ee66a\" data-id=\"32ee66a\" data-element_type=\"column\">\n\t\t\t<div class=\"elementor-widget-wrap elementor-element-populated\">\n\t\t\t\t\t\t<div class=\"elementor-element elementor-element-fcf2cc3 elementor-widget elementor-widget-text-editor\" data-id=\"fcf2cc3\" data-element_type=\"widget\" data-widget_type=\"text-editor.default\">\n\t\t\t\t<div class=\"elementor-widget-container\">\n\t\t\t\t\t\t\t<p>Au Foody&rsquo;s Corner, nous vous invitons \u00e0 d\u00e9couvrir une exp\u00e9rience culinaire originale et gourmande.<\/p><p>\u00a0<\/p>\t\t\t\t\t\t<\/div>\n\t\t\t\t<\/div>\n\t\t\t\t\t<\/div>\n\t\t<\/div>\n\t\t\t\t\t<\/div>\n\t\t<\/section>\n\t\t\t\t<section class=\"elementor-section elementor-top-section elementor-element elementor-element-cacb594 elementor-section-boxed elementor-section-height-default elementor-section-height-default\" data-id=\"cacb594\" data-element_type=\"section\">\n\t\t\t\t\t\t<div class=\"elementor-container elementor-column-gap-default\">\n\t\t\t\t\t<div class=\"elementor-column elementor-col-100 elementor-top-column elementor-element elementor-element-726dee5\" data-id=\"726dee5\" data-element_type=\"column\">\n\t\t\t<div class=\"elementor-widget-wrap elementor-element-populated\">\n\t\t\t\t\t\t<div class=\"elementor-element elementor-element-4c53164 elementor-widget elementor-widget-image\" data-id=\"4c53164\" data-element_type=\"widget\" data-widget_type=\"image.default\">\n\t\t\t\t<div class=\"elementor-widget-container\">\n\t\t\t\t\t\t\t\t\t\t\t\t\t<img decoding=\"async\" width=\"1024\" height=\"920\" src=\"https:\/\/foodyscorner.be\/wp-content\/uploads\/2024\/11\/4341474c-7010-4262-9b52-ac862b33367c.jpeg\" class=\"attachment-large size-large wp-image-363\" alt=\"\" srcset=\"https:\/\/foodyscorner.be\/wp-content\/uploads\/2024\/11\/4341474c-7010-4262-9b52-ac862b33367c.jpeg 1024w, https:\/\/foodyscorner.be\/wp-content\/uploads\/2024\/11\/4341474c-7010-4262-9b52-ac862b33367c-300x270.jpeg 300w, https:\/\/foodyscorner.be\/wp-content\/uploads\/2024\/11\/4341474c-7010-4262-9b52-ac862b33367c-768x690.jpeg 768w, https:\/\/foodyscorner.be\/wp-content\/uploads\/2024\/11\/4341474c-7010-4262-9b52-ac862b33367c-600x539.jpeg 600w\" sizes=\"(max-width: 1024px) 100vw, 1024px\" \/>\t\t\t\t\t\t\t\t\t\t\t\t\t<\/div>\n\t\t\t\t<\/div>\n\t\t\t\t\t<\/div>\n\t\t<\/div>\n\t\t\t\t\t<\/div>\n\t\t<\/section>\n\t\t\t\t<section class=\"elementor-section elementor-top-section elementor-element elementor-element-63bb47a elementor-section-boxed elementor-section-height-default elementor-section-height-default\" data-id=\"63bb47a\" data-element_type=\"section\">\n\t\t\t\t\t\t<div class=\"elementor-container elementor-column-gap-default\">\n\t\t\t\t\t<div class=\"elementor-column elementor-col-100 elementor-top-column elementor-element elementor-element-8352a48\" data-id=\"8352a48\" data-element_type=\"column\">\n\t\t\t<div class=\"elementor-widget-wrap elementor-element-populated\">\n\t\t\t\t\t\t<div class=\"elementor-element elementor-element-db00603 elementor-widget elementor-widget-text-editor\" data-id=\"db00603\" data-element_type=\"widget\" data-widget_type=\"text-editor.default\">\n\t\t\t\t<div class=\"elementor-widget-container\">\n\t\t\t\t\t\t\t<p>Sp\u00e9cialis\u00e9s dans les bread bowls savoureux et les hamburgers g\u00e9n\u00e9reux, nous mettons un point d\u2019honneur \u00e0 offrir des plats qui allient authenticit\u00e9 et plaisir.<\/p>\t\t\t\t\t\t<\/div>\n\t\t\t\t<\/div>\n\t\t\t\t\t<\/div>\n\t\t<\/div>\n\t\t\t\t\t<\/div>\n\t\t<\/section>\n\t\t\t\t<section class=\"elementor-section elementor-top-section elementor-element elementor-element-72a2b1f elementor-section-boxed elementor-section-height-default elementor-section-height-default\" data-id=\"72a2b1f\" data-element_type=\"section\">\n\t\t\t\t\t\t<div class=\"elementor-container elementor-column-gap-default\">\n\t\t\t\t\t<div class=\"elementor-column elementor-col-100 elementor-top-column elementor-element elementor-element-0d39c20\" data-id=\"0d39c20\" data-element_type=\"column\">\n\t\t\t<div class=\"elementor-widget-wrap elementor-element-populated\">\n\t\t\t\t\t\t<div class=\"elementor-element elementor-element-1733cb4 elementor-widget elementor-widget-image\" data-id=\"1733cb4\" data-element_type=\"widget\" data-widget_type=\"image.default\">\n\t\t\t\t<div class=\"elementor-widget-container\">\n\t\t\t\t\t\t\t\t\t\t\t\t\t<img decoding=\"async\" width=\"1024\" height=\"768\" src=\"https:\/\/foodyscorner.be\/wp-content\/uploads\/2024\/11\/d5421de6-b4fa-4116-936e-9f1a32bc2726.jpeg\" class=\"attachment-large size-large wp-image-365\" alt=\"\" srcset=\"https:\/\/foodyscorner.be\/wp-content\/uploads\/2024\/11\/d5421de6-b4fa-4116-936e-9f1a32bc2726.jpeg 1024w, https:\/\/foodyscorner.be\/wp-content\/uploads\/2024\/11\/d5421de6-b4fa-4116-936e-9f1a32bc2726-300x225.jpeg 300w, https:\/\/foodyscorner.be\/wp-content\/uploads\/2024\/11\/d5421de6-b4fa-4116-936e-9f1a32bc2726-768x576.jpeg 768w, https:\/\/foodyscorner.be\/wp-content\/uploads\/2024\/11\/d5421de6-b4fa-4116-936e-9f1a32bc2726-600x450.jpeg 600w\" sizes=\"(max-width: 1024px) 100vw, 1024px\" \/>\t\t\t\t\t\t\t\t\t\t\t\t\t<\/div>\n\t\t\t\t<\/div>\n\t\t\t\t\t<\/div>\n\t\t<\/div>\n\t\t\t\t\t<\/div>\n\t\t<\/section>\n\t\t\t\t<section class=\"elementor-section elementor-top-section elementor-element elementor-element-55838a8 elementor-section-boxed elementor-section-height-default elementor-section-height-default\" data-id=\"55838a8\" data-element_type=\"section\">\n\t\t\t\t\t\t<div class=\"elementor-container elementor-column-gap-default\">\n\t\t\t\t\t<div class=\"elementor-column elementor-col-100 elementor-top-column elementor-element elementor-element-0b861ef\" data-id=\"0b861ef\" data-element_type=\"column\">\n\t\t\t<div class=\"elementor-widget-wrap elementor-element-populated\">\n\t\t\t\t\t\t<div class=\"elementor-element elementor-element-f88793f elementor-widget elementor-widget-text-editor\" data-id=\"f88793f\" data-element_type=\"widget\" data-widget_type=\"text-editor.default\">\n\t\t\t\t<div class=\"elementor-widget-container\">\n\t\t\t\t\t\t\t<p>Dans une ambiance chaleureuse et d\u00e9contract\u00e9e, notre \u00e9quipe passionn\u00e9e pr\u00e9pare chaque recette avec des ingr\u00e9dients frais et de qualit\u00e9, soigneusement s\u00e9lectionn\u00e9s.<\/p><p>\u00a0<\/p>\t\t\t\t\t\t<\/div>\n\t\t\t\t<\/div>\n\t\t\t\t\t<\/div>\n\t\t<\/div>\n\t\t\t\t\t<\/div>\n\t\t<\/section>\n\t\t\t\t<section class=\"elementor-section elementor-top-section elementor-element elementor-element-c82f14f elementor-section-boxed elementor-section-height-default elementor-section-height-default\" data-id=\"c82f14f\" data-element_type=\"section\">\n\t\t\t\t\t\t<div class=\"elementor-container elementor-column-gap-default\">\n\t\t\t\t\t<div class=\"elementor-column elementor-col-100 elementor-top-column elementor-element elementor-element-a8c33f3\" data-id=\"a8c33f3\" data-element_type=\"column\">\n\t\t\t<div class=\"elementor-widget-wrap elementor-element-populated\">\n\t\t\t\t\t\t<div class=\"elementor-element elementor-element-2aa29c3 elementor-widget elementor-widget-image\" data-id=\"2aa29c3\" data-element_type=\"widget\" data-widget_type=\"image.default\">\n\t\t\t\t<div class=\"elementor-widget-container\">\n\t\t\t\t\t\t\t\t\t\t\t\t\t<img loading=\"lazy\" decoding=\"async\" width=\"1024\" height=\"768\" src=\"https:\/\/foodyscorner.be\/wp-content\/uploads\/2024\/11\/e126c1ba-be1f-48dd-8615-336bb177e7a4.jpeg\" class=\"attachment-large size-large wp-image-368\" alt=\"\" srcset=\"https:\/\/foodyscorner.be\/wp-content\/uploads\/2024\/11\/e126c1ba-be1f-48dd-8615-336bb177e7a4.jpeg 1024w, https:\/\/foodyscorner.be\/wp-content\/uploads\/2024\/11\/e126c1ba-be1f-48dd-8615-336bb177e7a4-300x225.jpeg 300w, https:\/\/foodyscorner.be\/wp-content\/uploads\/2024\/11\/e126c1ba-be1f-48dd-8615-336bb177e7a4-768x576.jpeg 768w, https:\/\/foodyscorner.be\/wp-content\/uploads\/2024\/11\/e126c1ba-be1f-48dd-8615-336bb177e7a4-600x450.jpeg 600w\" sizes=\"(max-width: 1024px) 100vw, 1024px\" \/>\t\t\t\t\t\t\t\t\t\t\t\t\t<\/div>\n\t\t\t\t<\/div>\n\t\t\t\t\t<\/div>\n\t\t<\/div>\n\t\t\t\t\t<\/div>\n\t\t<\/section>\n\t\t\t\t<section class=\"elementor-section elementor-top-section elementor-element elementor-element-86989a3 elementor-section-boxed elementor-section-height-default elementor-section-height-default\" data-id=\"86989a3\" data-element_type=\"section\">\n\t\t\t\t\t\t<div class=\"elementor-container elementor-column-gap-default\">\n\t\t\t\t\t<div class=\"elementor-column elementor-col-100 elementor-top-column elementor-element elementor-element-758ac27\" data-id=\"758ac27\" data-element_type=\"column\">\n\t\t\t<div class=\"elementor-widget-wrap elementor-element-populated\">\n\t\t\t\t\t\t<div class=\"elementor-element elementor-element-3a0973b elementor-widget elementor-widget-text-editor\" data-id=\"3a0973b\" data-element_type=\"widget\" data-widget_type=\"text-editor.default\">\n\t\t\t\t<div class=\"elementor-widget-container\">\n\t\t\t\t\t\t\t<p>Nos bread bowls, garnis de pr\u00e9parations cr\u00e9atives, et nos hamburgers, aux saveurs uniques, sont faits pour combler toutes les envies, que vous soyez amateur de classiques revisit\u00e9s ou curieux de nouvelles associations.<\/p>\t\t\t\t\t\t<\/div>\n\t\t\t\t<\/div>\n\t\t\t\t\t<\/div>\n\t\t<\/div>\n\t\t\t\t\t<\/div>\n\t\t<\/section>\n\t\t\t\t<section class=\"elementor-section elementor-top-section elementor-element elementor-element-9321bc1 elementor-section-boxed elementor-section-height-default elementor-section-height-default\" data-id=\"9321bc1\" data-element_type=\"section\">\n\t\t\t\t\t\t<div class=\"elementor-container elementor-column-gap-default\">\n\t\t\t\t\t<div class=\"elementor-column elementor-col-100 elementor-top-column elementor-element elementor-element-7569789\" data-id=\"7569789\" data-element_type=\"column\">\n\t\t\t<div class=\"elementor-widget-wrap elementor-element-populated\">\n\t\t\t\t\t\t<div class=\"elementor-element elementor-element-130b1d0 elementor-widget elementor-widget-image\" data-id=\"130b1d0\" data-element_type=\"widget\" data-widget_type=\"image.default\">\n\t\t\t\t<div class=\"elementor-widget-container\">\n\t\t\t\t\t\t\t\t\t\t\t\t\t<img loading=\"lazy\" decoding=\"async\" width=\"1024\" height=\"768\" src=\"https:\/\/foodyscorner.be\/wp-content\/uploads\/2024\/11\/e78eaca6-babf-4d6a-940a-ff80cc0e43fc.jpeg\" class=\"attachment-large size-large wp-image-366\" alt=\"\" srcset=\"https:\/\/foodyscorner.be\/wp-content\/uploads\/2024\/11\/e78eaca6-babf-4d6a-940a-ff80cc0e43fc.jpeg 1024w, https:\/\/foodyscorner.be\/wp-content\/uploads\/2024\/11\/e78eaca6-babf-4d6a-940a-ff80cc0e43fc-300x225.jpeg 300w, https:\/\/foodyscorner.be\/wp-content\/uploads\/2024\/11\/e78eaca6-babf-4d6a-940a-ff80cc0e43fc-768x576.jpeg 768w, https:\/\/foodyscorner.be\/wp-content\/uploads\/2024\/11\/e78eaca6-babf-4d6a-940a-ff80cc0e43fc-600x450.jpeg 600w\" sizes=\"(max-width: 1024px) 100vw, 1024px\" \/>\t\t\t\t\t\t\t\t\t\t\t\t\t<\/div>\n\t\t\t\t<\/div>\n\t\t\t\t\t<\/div>\n\t\t<\/div>\n\t\t\t\t\t<\/div>\n\t\t<\/section>\n\t\t\t\t<section class=\"elementor-section elementor-top-section elementor-element elementor-element-55c0ff6 elementor-section-boxed elementor-section-height-default elementor-section-height-default\" data-id=\"55c0ff6\" data-element_type=\"section\">\n\t\t\t\t\t\t<div class=\"elementor-container elementor-column-gap-default\">\n\t\t\t\t\t<div class=\"elementor-column elementor-col-100 elementor-top-column elementor-element elementor-element-c04f110\" data-id=\"c04f110\" data-element_type=\"column\">\n\t\t\t<div class=\"elementor-widget-wrap elementor-element-populated\">\n\t\t\t\t\t\t<div class=\"elementor-element elementor-element-8030086 elementor-widget elementor-widget-text-editor\" data-id=\"8030086\" data-element_type=\"widget\" data-widget_type=\"text-editor.default\">\n\t\t\t\t<div class=\"elementor-widget-container\">\n\t\t\t\t\t\t\t<p>Que ce soit pour un d\u00e9jeuner rapide, un d\u00eener convivial entre amis ou un moment en famille, Foody\u2019s Corner est l\u2019adresse id\u00e9ale pour savourer des plats g\u00e9n\u00e9reux et faits maison.<\/p>\t\t\t\t\t\t<\/div>\n\t\t\t\t<\/div>\n\t\t\t\t\t<\/div>\n\t\t<\/div>\n\t\t\t\t\t<\/div>\n\t\t<\/section>\n\t\t\t\t<section class=\"elementor-section elementor-top-section elementor-element elementor-element-69c3e77 elementor-section-boxed elementor-section-height-default elementor-section-height-default\" data-id=\"69c3e77\" data-element_type=\"section\">\n\t\t\t\t\t\t<div class=\"elementor-container elementor-column-gap-default\">\n\t\t\t\t\t<div class=\"elementor-column elementor-col-100 elementor-top-column elementor-element elementor-element-32f289c\" data-id=\"32f289c\" data-element_type=\"column\">\n\t\t\t<div class=\"elementor-widget-wrap elementor-element-populated\">\n\t\t\t\t\t\t<div class=\"elementor-element elementor-element-afa3a23 elementor-widget elementor-widget-image\" data-id=\"afa3a23\" data-element_type=\"widget\" data-widget_type=\"image.default\">\n\t\t\t\t<div class=\"elementor-widget-container\">\n\t\t\t\t\t\t\t\t\t\t\t\t\t<img loading=\"lazy\" decoding=\"async\" width=\"1024\" height=\"768\" src=\"https:\/\/foodyscorner.be\/wp-content\/uploads\/2024\/11\/6614ccf1-0f39-4bfb-b8e4-5fb671977b65.jpeg\" class=\"attachment-large size-large wp-image-364\" alt=\"\" srcset=\"https:\/\/foodyscorner.be\/wp-content\/uploads\/2024\/11\/6614ccf1-0f39-4bfb-b8e4-5fb671977b65.jpeg 1024w, https:\/\/foodyscorner.be\/wp-content\/uploads\/2024\/11\/6614ccf1-0f39-4bfb-b8e4-5fb671977b65-300x225.jpeg 300w, https:\/\/foodyscorner.be\/wp-content\/uploads\/2024\/11\/6614ccf1-0f39-4bfb-b8e4-5fb671977b65-768x576.jpeg 768w, https:\/\/foodyscorner.be\/wp-content\/uploads\/2024\/11\/6614ccf1-0f39-4bfb-b8e4-5fb671977b65-600x450.jpeg 600w\" sizes=\"(max-width: 1024px) 100vw, 1024px\" \/>\t\t\t\t\t\t\t\t\t\t\t\t\t<\/div>\n\t\t\t\t<\/div>\n\t\t\t\t\t<\/div>\n\t\t<\/div>\n\t\t\t\t\t<\/div>\n\t\t<\/section>\n\t\t\t\t<section class=\"elementor-section elementor-top-section elementor-element elementor-element-9433f97 elementor-section-boxed elementor-section-height-default elementor-section-height-default\" data-id=\"9433f97\" data-element_type=\"section\">\n\t\t\t\t\t\t<div class=\"elementor-container elementor-column-gap-default\">\n\t\t\t\t\t<div class=\"elementor-column elementor-col-100 elementor-top-column elementor-element elementor-element-e032efb\" data-id=\"e032efb\" data-element_type=\"column\">\n\t\t\t<div class=\"elementor-widget-wrap elementor-element-populated\">\n\t\t\t\t\t\t<div class=\"elementor-element elementor-element-a0e9957 elementor-widget elementor-widget-text-editor\" data-id=\"a0e9957\" data-element_type=\"widget\" data-widget_type=\"text-editor.default\">\n\t\t\t\t<div class=\"elementor-widget-container\">\n\t\t\t\t\t\t\t<p>Nous avons h\u00e2te de vous accueillir et de partager avec vous notre passion pour une cuisine \u00e0 la fois simple et pleine de caract\u00e8re.<\/p>\t\t\t\t\t\t<\/div>\n\t\t\t\t<\/div>\n\t\t\t\t\t<\/div>\n\t\t<\/div>\n\t\t\t\t\t<\/div>\n\t\t<\/section>\n\t\t\t\t<section class=\"elementor-section elementor-top-section elementor-element elementor-element-785f1d0 elementor-section-boxed elementor-section-height-default elementor-section-height-default\" data-id=\"785f1d0\" data-element_type=\"section\">\n\t\t\t\t\t\t<div class=\"elementor-container elementor-column-gap-default\">\n\t\t\t\t\t<div class=\"elementor-column elementor-col-50 elementor-top-column elementor-element elementor-element-3d5bc2c\" data-id=\"3d5bc2c\" data-element_type=\"column\">\n\t\t\t<div class=\"elementor-widget-wrap elementor-element-populated\">\n\t\t\t\t\t\t<div class=\"elementor-element elementor-element-4e953d0 elementor-widget elementor-widget-image\" data-id=\"4e953d0\" data-element_type=\"widget\" data-widget_type=\"image.default\">\n\t\t\t\t<div class=\"elementor-widget-container\">\n\t\t\t\t\t\t\t\t\t\t\t\t\t<img loading=\"lazy\" decoding=\"async\" width=\"1024\" height=\"768\" src=\"https:\/\/foodyscorner.be\/wp-content\/uploads\/2024\/11\/5a94c893-563b-42f5-8a96-0870f9e84d17.jpeg\" class=\"attachment-large size-large wp-image-362\" alt=\"\" srcset=\"https:\/\/foodyscorner.be\/wp-content\/uploads\/2024\/11\/5a94c893-563b-42f5-8a96-0870f9e84d17.jpeg 1024w, https:\/\/foodyscorner.be\/wp-content\/uploads\/2024\/11\/5a94c893-563b-42f5-8a96-0870f9e84d17-300x225.jpeg 300w, https:\/\/foodyscorner.be\/wp-content\/uploads\/2024\/11\/5a94c893-563b-42f5-8a96-0870f9e84d17-768x576.jpeg 768w, https:\/\/foodyscorner.be\/wp-content\/uploads\/2024\/11\/5a94c893-563b-42f5-8a96-0870f9e84d17-600x450.jpeg 600w\" sizes=\"(max-width: 1024px) 100vw, 1024px\" \/>\t\t\t\t\t\t\t\t\t\t\t\t\t<\/div>\n\t\t\t\t<\/div>\n\t\t\t\t\t<\/div>\n\t\t<\/div>\n\t\t\t\t<div class=\"elementor-column elementor-col-50 elementor-top-column elementor-element elementor-element-9cc6b0a\" data-id=\"9cc6b0a\" data-element_type=\"column\">\n\t\t\t<div class=\"elementor-widget-wrap elementor-element-populated\">\n\t\t\t\t\t\t<div class=\"elementor-element elementor-element-90ecf9c elementor-widget elementor-widget-image\" data-id=\"90ecf9c\" data-element_type=\"widget\" data-widget_type=\"image.default\">\n\t\t\t\t<div class=\"elementor-widget-container\">\n\t\t\t\t\t\t\t\t\t\t\t\t\t<img loading=\"lazy\" decoding=\"async\" width=\"960\" height=\"720\" src=\"https:\/\/foodyscorner.be\/wp-content\/uploads\/2024\/11\/7ab0eb6f-1e51-499c-a2a4-5e5669b8e551.jpeg\" class=\"attachment-large size-large wp-image-367\" alt=\"\" srcset=\"https:\/\/foodyscorner.be\/wp-content\/uploads\/2024\/11\/7ab0eb6f-1e51-499c-a2a4-5e5669b8e551.jpeg 960w, https:\/\/foodyscorner.be\/wp-content\/uploads\/2024\/11\/7ab0eb6f-1e51-499c-a2a4-5e5669b8e551-300x225.jpeg 300w, https:\/\/foodyscorner.be\/wp-content\/uploads\/2024\/11\/7ab0eb6f-1e51-499c-a2a4-5e5669b8e551-768x576.jpeg 768w, https:\/\/foodyscorner.be\/wp-content\/uploads\/2024\/11\/7ab0eb6f-1e51-499c-a2a4-5e5669b8e551-600x450.jpeg 600w\" sizes=\"(max-width: 960px) 100vw, 960px\" \/>\t\t\t\t\t\t\t\t\t\t\t\t\t<\/div>\n\t\t\t\t<\/div>\n\t\t\t\t\t<\/div>\n\t\t<\/div>\n\t\t\t\t\t<\/div>\n\t\t<\/section>\n\t\t\t\t<\/div>\n\t\t","protected":false},"excerpt":{"rendered":"<p>R\u00e9server Au Foody&rsquo;s Corner, nous vous invitons \u00e0 d\u00e9couvrir une exp\u00e9rience culinaire originale et gourmande. \u00a0 Sp\u00e9cialis\u00e9s dans les bread bowls savoureux et les hamburgers g\u00e9n\u00e9reux, nous mettons un point d\u2019honneur \u00e0 offrir des plats qui allient authenticit\u00e9 et plaisir. Dans une ambiance chaleureuse et d\u00e9contract\u00e9e, notre \u00e9quipe passionn\u00e9e pr\u00e9pare chaque recette avec des ingr\u00e9dients [&hellip;]<\/p>\n","protected":false},"author":1,"featured_media":0,"parent":0,"menu_order":0,"comment_status":"closed","ping_status":"closed","template":"","meta":{"footnotes":""},"class_list":["post-57","page","type-page","status-publish","czr-hentry"],"jetpack_sharing_enabled":true,"_links":{"self":[{"href":"https:\/\/foodyscorner.be\/index.php\/wp-json\/wp\/v2\/pages\/57","targetHints":{"allow":["GET"]}}],"collection":[{"href":"https:\/\/foodyscorner.be\/index.php\/wp-json\/wp\/v2\/pages"}],"about":[{"href":"https:\/\/foodyscorner.be\/index.php\/wp-json\/wp\/v2\/types\/page"}],"author":[{"embeddable":true,"href":"https:\/\/foodyscorner.be\/index.php\/wp-json\/wp\/v2\/users\/1"}],"replies":[{"embeddable":true,"href":"https:\/\/foodyscorner.be\/index.php\/wp-json\/wp\/v2\/comments?post=57"}],"version-history":[{"count":68,"href":"https:\/\/foodyscorner.be\/index.php\/wp-json\/wp\/v2\/pages\/57\/revisions"}],"predecessor-version":[{"id":462,"href":"https:\/\/foodyscorner.be\/index.php\/wp-json\/wp\/v2\/pages\/57\/revisions\/462"}],"wp:attachment":[{"href":"https:\/\/foodyscorner.be\/index.php\/wp-json\/wp\/v2\/media?parent=57"}],"curies":[{"name":"wp","href":"https:\/\/api.w.org\/{rel}","templated":true}]}}